{"id":975,"date":"2022-07-24T14:08:33","date_gmt":"2022-07-24T14:08:33","guid":{"rendered":"https:\/\/kmcautopark.ro\/?page_id=975"},"modified":"2022-08-19T13:23:38","modified_gmt":"2022-08-19T13:23:38","slug":"servicii-parcare-camioane","status":"publish","type":"page","link":"https:\/\/kmcautopark.ro\/en\/servicii-parcare-camioane\/","title":{"rendered":"Services"},"content":{"rendered":"<div data-elementor-type=\"wp-page\" data-elementor-id=\"975\" class=\"elementor elementor-975\">\n\t\t\t\t\t\t<section class=\"elementor-section elementor-top-section elementor-element elementor-element-8fc50da elementor-section-boxed elementor-section-height-default elementor-section-height-default\" data-id=\"8fc50da\" data-element_type=\"section\" data-e-type=\"section\" data-settings=\"{&quot;background_background&quot;:&quot;classic&quot;}\">\n\t\t\t\t\t\t<div class=\"elementor-container elementor-column-gap-no\">\n\t\t\t\t\t<div class=\"elementor-column elementor-col-100 elementor-top-column elementor-element elementor-element-9b3adef\" data-id=\"9b3adef\" data-element_type=\"column\" data-e-type=\"column\" data-settings=\"{&quot;background_background&quot;:&quot;classic&quot;}\">\n\t\t\t<div class=\"elementor-widget-wrap elementor-element-populated\">\n\t\t\t\t\t\t<div class=\"elementor-element elementor-element-68f4ab4 elementor-widget elementor-widget-heading\" data-id=\"68f4ab4\" data-element_type=\"widget\" data-e-type=\"widget\" data-widget_type=\"heading.default\">\n\t\t\t\t<div class=\"elementor-widget-container\">\n\t\t\t\t\t<h2 class=\"elementor-heading-title elementor-size-default\">Truck parking services<\/h2>\t\t\t\t<\/div>\n\t\t\t\t<\/div>\n\t\t\t\t<section class=\"elementor-section elementor-inner-section elementor-element elementor-element-1c50101 elementor-section-boxed elementor-section-height-default elementor-section-height-default\" data-id=\"1c50101\" data-element_type=\"section\" data-e-type=\"section\">\n\t\t\t\t\t\t<div class=\"elementor-container elementor-column-gap-default\">\n\t\t\t\t\t<div class=\"elementor-column elementor-col-33 elementor-inner-column elementor-element elementor-element-01bf270\" data-id=\"01bf270\" data-element_type=\"column\" data-e-type=\"column\" data-settings=\"{&quot;background_background&quot;:&quot;classic&quot;}\">\n\t\t\t<div class=\"elementor-widget-wrap elementor-element-populated\">\n\t\t\t\t\t\t<div class=\"elementor-element elementor-element-5d27c48 elementor-view-default elementor-position-block-start elementor-mobile-position-block-start elementor-widget elementor-widget-icon-box\" data-id=\"5d27c48\" data-element_type=\"widget\" data-e-type=\"widget\" data-widget_type=\"icon-box.default\">\n\t\t\t\t<div class=\"elementor-widget-container\">\n\t\t\t\t\t\t\t<div class=\"elementor-icon-box-wrapper\">\n\n\t\t\t\t\t\t<div class=\"elementor-icon-box-icon\">\n\t\t\t\t<a href=\"https:\/\/kmcautopark.ro\/en\/parcare-autocamioane\/\" class=\"elementor-icon\" tabindex=\"-1\" aria-label=\"Truck parking\">\n\t\t\t\t<i aria-hidden=\"true\" class=\"fas fa-parking\"><\/i>\t\t\t\t<\/a>\n\t\t\t<\/div>\n\t\t\t\n\t\t\t\t\t\t<div class=\"elementor-icon-box-content\">\n\n\t\t\t\t\t\t\t\t\t<h6 class=\"elementor-icon-box-title\">\n\t\t\t\t\t\t<a href=\"https:\/\/kmcautopark.ro\/en\/parcare-autocamioane\/\" >\n\t\t\t\t\t\t\tTruck parking\t\t\t\t\t\t<\/a>\n\t\t\t\t\t<\/h6>\n\t\t\t\t\n\t\t\t\t\n\t\t\t<\/div>\n\t\t\t\n\t\t<\/div>\n\t\t\t\t\t\t<\/div>\n\t\t\t\t<\/div>\n\t\t\t\t\t<\/div>\n\t\t<\/div>\n\t\t\t\t<div class=\"elementor-column elementor-col-33 elementor-inner-column elementor-element elementor-element-84a557b\" data-id=\"84a557b\" data-element_type=\"column\" data-e-type=\"column\" data-settings=\"{&quot;background_background&quot;:&quot;classic&quot;}\">\n\t\t\t<div class=\"elementor-widget-wrap elementor-element-populated\">\n\t\t\t\t\t\t<div class=\"elementor-element elementor-element-fb29464 elementor-view-default elementor-position-block-start elementor-mobile-position-block-start elementor-widget elementor-widget-icon-box\" data-id=\"fb29464\" data-element_type=\"widget\" data-e-type=\"widget\" data-widget_type=\"icon-box.default\">\n\t\t\t\t<div class=\"elementor-widget-container\">\n\t\t\t\t\t\t\t<div class=\"elementor-icon-box-wrapper\">\n\n\t\t\t\t\t\t<div class=\"elementor-icon-box-icon\">\n\t\t\t\t<a href=\"https:\/\/kmcautopark.ro\/en\/ro\/spalatorie-autocamioane\/\" class=\"elementor-icon\" tabindex=\"-1\" aria-label=\"Truck wash\">\n\t\t\t\t<i aria-hidden=\"true\" class=\"fas fa-truck\"><\/i>\t\t\t\t<\/a>\n\t\t\t<\/div>\n\t\t\t\n\t\t\t\t\t\t<div class=\"elementor-icon-box-content\">\n\n\t\t\t\t\t\t\t\t\t<h6 class=\"elementor-icon-box-title\">\n\t\t\t\t\t\t<a href=\"https:\/\/kmcautopark.ro\/en\/ro\/spalatorie-autocamioane\/\" >\n\t\t\t\t\t\t\tTruck wash\t\t\t\t\t\t<\/a>\n\t\t\t\t\t<\/h6>\n\t\t\t\t\n\t\t\t\t\n\t\t\t<\/div>\n\t\t\t\n\t\t<\/div>\n\t\t\t\t\t\t<\/div>\n\t\t\t\t<\/div>\n\t\t\t\t\t<\/div>\n\t\t<\/div>\n\t\t\t\t<div class=\"elementor-column elementor-col-33 elementor-inner-column elementor-element elementor-element-5ac1264\" data-id=\"5ac1264\" data-element_type=\"column\" data-e-type=\"column\" data-settings=\"{&quot;background_background&quot;:&quot;classic&quot;}\">\n\t\t\t<div class=\"elementor-widget-wrap elementor-element-populated\">\n\t\t\t\t\t\t<div class=\"elementor-element elementor-element-f6989ea elementor-view-default elementor-position-block-start elementor-mobile-position-block-start elementor-widget elementor-widget-icon-box\" data-id=\"f6989ea\" data-element_type=\"widget\" data-e-type=\"widget\" data-widget_type=\"icon-box.default\">\n\t\t\t\t<div class=\"elementor-widget-container\">\n\t\t\t\t\t\t\t<div class=\"elementor-icon-box-wrapper\">\n\n\t\t\t\t\t\t<div class=\"elementor-icon-box-icon\">\n\t\t\t\t<a href=\"https:\/\/kmcautopark.ro\/en\/spalatorie-automata-haine\/\" class=\"elementor-icon\" tabindex=\"-1\" aria-label=\"Automatic clothes washer \">\n\t\t\t\t<i aria-hidden=\"true\" class=\"fab fa-servicestack\"><\/i>\t\t\t\t<\/a>\n\t\t\t<\/div>\n\t\t\t\n\t\t\t\t\t\t<div class=\"elementor-icon-box-content\">\n\n\t\t\t\t\t\t\t\t\t<h6 class=\"elementor-icon-box-title\">\n\t\t\t\t\t\t<a href=\"https:\/\/kmcautopark.ro\/en\/spalatorie-automata-haine\/\" >\n\t\t\t\t\t\t\tAutomatic clothes washer \t\t\t\t\t\t<\/a>\n\t\t\t\t\t<\/h6>\n\t\t\t\t\n\t\t\t\t\n\t\t\t<\/div>\n\t\t\t\n\t\t<\/div>\n\t\t\t\t\t\t<\/div>\n\t\t\t\t<\/div>\n\t\t\t\t\t<\/div>\n\t\t<\/div>\n\t\t\t\t\t<\/div>\n\t\t<\/section>\n\t\t\t\t\t<\/div>\n\t\t<\/div>\n\t\t\t\t\t<\/div>\n\t\t<\/section>\n\t\t\t\t<\/div>","protected":false},"excerpt":{"rendered":"<p>Servicii parcare camioane Parcare autocamioane Sp\u0103latorie autocamioane Sp\u0103latorie automat\u0103 haine<\/p>","protected":false},"author":2,"featured_media":0,"parent":0,"menu_order":0,"comment_status":"closed","ping_status":"closed","template":"","meta":{"site-sidebar-layout":"no-sidebar","site-content-layout":"page-builder","ast-site-content-layout":"","site-content-style":"default","site-sidebar-style":"default","ast-global-header-display":"","ast-banner-title-visibility":"","ast-main-header-display":"","ast-hfb-above-header-display":"","ast-hfb-below-header-display":"","ast-hfb-mobile-header-display":"","site-post-title":"disabled","ast-breadcrumbs-content":"","ast-featured-img":"disabled","footer-sml-layout":"","theme-transparent-header-meta":"","adv-header-id-meta":"","stick-header-meta":"","header-above-stick-meta":"","header-main-stick-meta":"","header-below-stick-meta":"","astra-migrate-meta-layouts":"default","ast-page-background-enabled":"default","ast-page-background-meta":{"desktop":{"background-color":"","background-image":"","background-repeat":"repeat","background-position":"center center","background-size":"auto","background-attachment":"scroll","background-type":"","background-media":"","overlay-type":"","overlay-color":"","overlay-opacity":"","overlay-gradient":""},"tablet":{"background-color":"","background-image":"","background-repeat":"repeat","background-position":"center center","background-size":"auto","background-attachment":"scroll","background-type":"","background-media":"","overlay-type":"","overlay-color":"","overlay-opacity":"","overlay-gradient":""},"mobile":{"background-color":"","background-image":"","background-repeat":"repeat","background-position":"center center","background-size":"auto","background-attachment":"scroll","background-type":"","background-media":"","overlay-type":"","overlay-color":"","overlay-opacity":"","overlay-gradient":""}},"ast-content-background-meta":{"desktop":{"background-color":"var(--ast-global-color-5)","background-image":"","background-repeat":"repeat","background-position":"center center","background-size":"auto","background-attachment":"scroll","background-type":"","background-media":"","overlay-type":"","overlay-color":"","overlay-opacity":"","overlay-gradient":""},"tablet":{"background-color":"var(--ast-global-color-5)","background-image":"","background-repeat":"repeat","background-position":"center center","background-size":"auto","background-attachment":"scroll","background-type":"","background-media":"","overlay-type":"","overlay-color":"","overlay-opacity":"","overlay-gradient":""},"mobile":{"background-color":"var(--ast-global-color-5)","background-image":"","background-repeat":"repeat","background-position":"center center","background-size":"auto","background-attachment":"scroll","background-type":"","background-media":"","overlay-type":"","overlay-color":"","overlay-opacity":"","overlay-gradient":""}},"footnotes":""},"class_list":["post-975","page","type-page","status-publish","hentry"],"yoast_head":"<!-- This site is optimized with the Yoast SEO plugin v27.4 - https:\/\/yoast.com\/product\/yoast-seo-wordpress\/ -->\n<title>Servicii parcare camioane - KMC Auto Park - Pecica<\/title>\n<meta name=\"description\" content=\"Servicii parcare camioane, autoparc tiruri, spalatorie automata haine, spalatorie automata camioane, la Pecica langa autostrada.\" \/>\n<meta name=\"robots\" content=\"index, follow, max-snippet:-1, max-image-preview:large, max-video-preview:-1\" \/>\n<link rel=\"canonical\" href=\"https:\/\/kmcautopark.ro\/en\/servicii-parcare-camioane\/\" \/>\n<meta property=\"og:locale\" content=\"en_US\" \/>\n<meta property=\"og:type\" content=\"article\" \/>\n<meta property=\"og:title\" content=\"Servicii parcare camioane - KMC Auto Park - Pecica\" \/>\n<meta property=\"og:description\" content=\"Servicii parcare camioane, autoparc tiruri, spalatorie automata haine, spalatorie automata camioane, la Pecica langa autostrada.\" \/>\n<meta property=\"og:url\" content=\"https:\/\/kmcautopark.ro\/en\/servicii-parcare-camioane\/\" \/>\n<meta property=\"og:site_name\" content=\"KMC Auto Park - Pecica\" \/>\n<meta property=\"article:modified_time\" content=\"2022-08-19T13:23:38+00:00\" \/>\n<meta name=\"twitter:card\" content=\"summary_large_image\" \/>\n<meta name=\"twitter:label1\" content=\"Est. reading time\" \/>\n\t<meta name=\"twitter:data1\" content=\"1 minute\" \/>\n<script type=\"application\/ld+json\" class=\"yoast-schema-graph\">{\"@context\":\"https:\\\/\\\/schema.org\",\"@graph\":[{\"@type\":\"WebPage\",\"@id\":\"https:\\\/\\\/kmcautopark.ro\\\/servicii-parcare-camioane\\\/\",\"url\":\"https:\\\/\\\/kmcautopark.ro\\\/servicii-parcare-camioane\\\/\",\"name\":\"Servicii parcare camioane - KMC Auto Park - Pecica\",\"isPartOf\":{\"@id\":\"https:\\\/\\\/kmcautopark.ro\\\/#website\"},\"datePublished\":\"2022-07-24T14:08:33+00:00\",\"dateModified\":\"2022-08-19T13:23:38+00:00\",\"description\":\"Servicii parcare camioane, autoparc tiruri, spalatorie automata haine, spalatorie automata camioane, la Pecica langa autostrada.\",\"breadcrumb\":{\"@id\":\"https:\\\/\\\/kmcautopark.ro\\\/servicii-parcare-camioane\\\/#breadcrumb\"},\"inLanguage\":\"en-US\",\"potentialAction\":[{\"@type\":\"ReadAction\",\"target\":[\"https:\\\/\\\/kmcautopark.ro\\\/servicii-parcare-camioane\\\/\"]}]},{\"@type\":\"BreadcrumbList\",\"@id\":\"https:\\\/\\\/kmcautopark.ro\\\/servicii-parcare-camioane\\\/#breadcrumb\",\"itemListElement\":[{\"@type\":\"ListItem\",\"position\":1,\"name\":\"Home\",\"item\":\"https:\\\/\\\/kmcautopark.ro\\\/\"},{\"@type\":\"ListItem\",\"position\":2,\"name\":\"Servicii\"}]},{\"@type\":\"WebSite\",\"@id\":\"https:\\\/\\\/kmcautopark.ro\\\/#website\",\"url\":\"https:\\\/\\\/kmcautopark.ro\\\/\",\"name\":\"KMC Auto Park - Pecica\",\"description\":\"Auto park, truck wash\",\"publisher\":{\"@id\":\"https:\\\/\\\/kmcautopark.ro\\\/#organization\"},\"alternateName\":\"Platforma servicii autocamioane\",\"potentialAction\":[{\"@type\":\"SearchAction\",\"target\":{\"@type\":\"EntryPoint\",\"urlTemplate\":\"https:\\\/\\\/kmcautopark.ro\\\/?s={search_term_string}\"},\"query-input\":{\"@type\":\"PropertyValueSpecification\",\"valueRequired\":true,\"valueName\":\"search_term_string\"}}],\"inLanguage\":\"en-US\"},{\"@type\":\"Organization\",\"@id\":\"https:\\\/\\\/kmcautopark.ro\\\/#organization\",\"name\":\"KMC Auto Park - Pecica\",\"url\":\"https:\\\/\\\/kmcautopark.ro\\\/\",\"logo\":{\"@type\":\"ImageObject\",\"inLanguage\":\"en-US\",\"@id\":\"https:\\\/\\\/kmcautopark.ro\\\/#\\\/schema\\\/logo\\\/image\\\/\",\"url\":\"https:\\\/\\\/kmcautopark.ro\\\/wp-content\\\/uploads\\\/2022\\\/07\\\/logo-kmc.png\",\"contentUrl\":\"https:\\\/\\\/kmcautopark.ro\\\/wp-content\\\/uploads\\\/2022\\\/07\\\/logo-kmc.png\",\"width\":1200,\"height\":514,\"caption\":\"KMC Auto Park - Pecica\"},\"image\":{\"@id\":\"https:\\\/\\\/kmcautopark.ro\\\/#\\\/schema\\\/logo\\\/image\\\/\"}}]}<\/script>\n<!-- \/ Yoast SEO plugin. -->","yoast_head_json":{"title":"Servicii parcare camioane - KMC Auto Park - Pecica","description":"Servicii parcare camioane, autoparc tiruri, spalatorie automata haine, spalatorie automata camioane, la Pecica langa autostrada.","robots":{"index":"index","follow":"follow","max-snippet":"max-snippet:-1","max-image-preview":"max-image-preview:large","max-video-preview":"max-video-preview:-1"},"canonical":"https:\/\/kmcautopark.ro\/en\/servicii-parcare-camioane\/","og_locale":"en_US","og_type":"article","og_title":"Servicii parcare camioane - KMC Auto Park - Pecica","og_description":"Servicii parcare camioane, autoparc tiruri, spalatorie automata haine, spalatorie automata camioane, la Pecica langa autostrada.","og_url":"https:\/\/kmcautopark.ro\/en\/servicii-parcare-camioane\/","og_site_name":"KMC Auto Park - Pecica","article_modified_time":"2022-08-19T13:23:38+00:00","twitter_card":"summary_large_image","twitter_misc":{"Est. reading time":"1 minute"},"schema":{"@context":"https:\/\/schema.org","@graph":[{"@type":"WebPage","@id":"https:\/\/kmcautopark.ro\/servicii-parcare-camioane\/","url":"https:\/\/kmcautopark.ro\/servicii-parcare-camioane\/","name":"Servicii parcare camioane - KMC Auto Park - Pecica","isPartOf":{"@id":"https:\/\/kmcautopark.ro\/#website"},"datePublished":"2022-07-24T14:08:33+00:00","dateModified":"2022-08-19T13:23:38+00:00","description":"Servicii parcare camioane, autoparc tiruri, spalatorie automata haine, spalatorie automata camioane, la Pecica langa autostrada.","breadcrumb":{"@id":"https:\/\/kmcautopark.ro\/servicii-parcare-camioane\/#breadcrumb"},"inLanguage":"en-US","potentialAction":[{"@type":"ReadAction","target":["https:\/\/kmcautopark.ro\/servicii-parcare-camioane\/"]}]},{"@type":"BreadcrumbList","@id":"https:\/\/kmcautopark.ro\/servicii-parcare-camioane\/#breadcrumb","itemListElement":[{"@type":"ListItem","position":1,"name":"Home","item":"https:\/\/kmcautopark.ro\/"},{"@type":"ListItem","position":2,"name":"Servicii"}]},{"@type":"WebSite","@id":"https:\/\/kmcautopark.ro\/#website","url":"https:\/\/kmcautopark.ro\/","name":"KMC Auto Park - Pecica","description":"Car park, truck wash","publisher":{"@id":"https:\/\/kmcautopark.ro\/#organization"},"alternateName":"Platforma servicii autocamioane","potentialAction":[{"@type":"SearchAction","target":{"@type":"EntryPoint","urlTemplate":"https:\/\/kmcautopark.ro\/?s={search_term_string}"},"query-input":{"@type":"PropertyValueSpecification","valueRequired":true,"valueName":"search_term_string"}}],"inLanguage":"en-US"},{"@type":"Organization","@id":"https:\/\/kmcautopark.ro\/#organization","name":"KMC Auto Park - Pecica","url":"https:\/\/kmcautopark.ro\/","logo":{"@type":"ImageObject","inLanguage":"en-US","@id":"https:\/\/kmcautopark.ro\/#\/schema\/logo\/image\/","url":"https:\/\/kmcautopark.ro\/wp-content\/uploads\/2022\/07\/logo-kmc.png","contentUrl":"https:\/\/kmcautopark.ro\/wp-content\/uploads\/2022\/07\/logo-kmc.png","width":1200,"height":514,"caption":"KMC Auto Park - Pecica"},"image":{"@id":"https:\/\/kmcautopark.ro\/#\/schema\/logo\/image\/"}}]}},"_links":{"self":[{"href":"https:\/\/kmcautopark.ro\/en\/wp-json\/wp\/v2\/pages\/975","targetHints":{"allow":["GET"]}}],"collection":[{"href":"https:\/\/kmcautopark.ro\/en\/wp-json\/wp\/v2\/pages"}],"about":[{"href":"https:\/\/kmcautopark.ro\/en\/wp-json\/wp\/v2\/types\/page"}],"author":[{"embeddable":true,"href":"https:\/\/kmcautopark.ro\/en\/wp-json\/wp\/v2\/users\/2"}],"replies":[{"embeddable":true,"href":"https:\/\/kmcautopark.ro\/en\/wp-json\/wp\/v2\/comments?post=975"}],"version-history":[{"count":11,"href":"https:\/\/kmcautopark.ro\/en\/wp-json\/wp\/v2\/pages\/975\/revisions"}],"predecessor-version":[{"id":1183,"href":"https:\/\/kmcautopark.ro\/en\/wp-json\/wp\/v2\/pages\/975\/revisions\/1183"}],"wp:attachment":[{"href":"https:\/\/kmcautopark.ro\/en\/wp-json\/wp\/v2\/media?parent=975"}],"curies":[{"name":"wp","href":"https:\/\/api.w.org\/{rel}","templated":true}]}}