{"id":16,"date":"2022-07-11T10:04:15","date_gmt":"2022-07-11T10:04:15","guid":{"rendered":"https:\/\/kmcautopark.ro\/?page_id=16"},"modified":"2022-08-19T13:20:11","modified_gmt":"2022-08-19T13:20:11","slug":"spalatorie-haine-automata","status":"publish","type":"page","link":"https:\/\/kmcautopark.ro\/en\/spalatorie-haine-automata\/","title":{"rendered":"Automatic clothes washer"},"content":{"rendered":"<div data-elementor-type=\"wp-page\" data-elementor-id=\"16\" class=\"elementor elementor-16\">\n\t\t\t\t\t\t<section class=\"elementor-section elementor-top-section elementor-element elementor-element-934e941 elementor-section-content-middle elementor-section-full_width elementor-reverse-mobile elementor-reverse-tablet elementor-section-height-default elementor-section-height-default\" data-id=\"934e941\" data-element_type=\"section\" data-e-type=\"section\" data-settings=\"{&quot;background_background&quot;:&quot;classic&quot;}\">\n\t\t\t\t\t\t<div class=\"elementor-container elementor-column-gap-no\">\n\t\t\t\t\t<div class=\"elementor-column elementor-col-50 elementor-top-column elementor-element elementor-element-f884d41\" data-id=\"f884d41\" data-element_type=\"column\" data-e-type=\"column\">\n\t\t\t<div class=\"elementor-widget-wrap elementor-element-populated\">\n\t\t\t\t\t\t<div class=\"elementor-element elementor-element-5335e07 elementor-widget elementor-widget-image\" data-id=\"5335e07\" data-element_type=\"widget\" data-e-type=\"widget\" data-widget_type=\"image.default\">\n\t\t\t\t<div class=\"elementor-widget-container\">\n\t\t\t\t\t\t\t\t\t\t\t\t\t\t\t<img fetchpriority=\"high\" decoding=\"async\" width=\"720\" height=\"692\" src=\"https:\/\/kmcautopark.ro\/wp-content\/uploads\/2022\/07\/spalatorie-rufe-1.jpg\" class=\"attachment-full size-full wp-image-1079\" alt=\"Spalatorie haine automata\" srcset=\"https:\/\/kmcautopark.ro\/wp-content\/uploads\/2022\/07\/spalatorie-rufe-1.jpg 720w, https:\/\/kmcautopark.ro\/wp-content\/uploads\/2022\/07\/spalatorie-rufe-1-300x288.jpg 300w, https:\/\/kmcautopark.ro\/wp-content\/uploads\/2022\/07\/spalatorie-rufe-1-12x12.jpg 12w\" sizes=\"(max-width: 720px) 100vw, 720px\" \/>\t\t\t\t\t\t\t\t\t\t\t\t\t\t\t<\/div>\n\t\t\t\t<\/div>\n\t\t\t\t\t<\/div>\n\t\t<\/div>\n\t\t\t\t<div class=\"elementor-column elementor-col-50 elementor-top-column elementor-element elementor-element-13b5417\" data-id=\"13b5417\" data-element_type=\"column\" data-e-type=\"column\">\n\t\t\t<div class=\"elementor-widget-wrap elementor-element-populated\">\n\t\t\t\t\t\t<div class=\"elementor-element elementor-element-e3d18d4 elementor-widget elementor-widget-heading\" data-id=\"e3d18d4\" data-element_type=\"widget\" data-e-type=\"widget\" data-widget_type=\"heading.default\">\n\t\t\t\t<div class=\"elementor-widget-container\">\n\t\t\t\t\t<h1 class=\"elementor-heading-title elementor-size-default\">Laundry clothes<\/h1>\t\t\t\t<\/div>\n\t\t\t\t<\/div>\n\t\t\t\t<div class=\"elementor-element elementor-element-edd4cd7 elementor-widget elementor-widget-text-editor\" data-id=\"edd4cd7\" data-element_type=\"widget\" data-e-type=\"widget\" data-widget_type=\"text-editor.default\">\n\t\t\t\t<div class=\"elementor-widget-container\">\n\t\t\t\t\t\t\t\t\t<p>Automatic laundry - REVOLUTION LAUNDRY - an automatic washing station, which integrates professional washing and drying machines, of high capacity, which include the necessary detergent and conditioner and the possibility of payment in cash or by bank card.<\/p>\n<p>With more than 5,000 Automatic Washing Stations installed, Revolution Laundry is the largest operator of automatic self-service laundries in Europe and among the world leaders.<\/p>\n<p>For details you can contact us <a href=\"https:\/\/kmcautopark.ro\/en\/contact\/\"><b>here<\/b><\/a>.<br><\/p>\t\t\t\t\t\t\t\t<\/div>\n\t\t\t\t<\/div>\n\t\t\t\t\t<\/div>\n\t\t<\/div>\n\t\t\t\t\t<\/div>\n\t\t<\/section>\n\t\t\t\t<section class=\"elementor-section elementor-top-section elementor-element elementor-element-ec764bd elementor-section-content-middle elementor-reverse-tablet elementor-reverse-mobile elementor-section-boxed elementor-section-height-default elementor-section-height-default\" data-id=\"ec764bd\" data-element_type=\"section\" data-e-type=\"section\" data-settings=\"{&quot;background_background&quot;:&quot;classic&quot;}\">\n\t\t\t\t\t\t\t<div class=\"elementor-background-overlay\"><\/div>\n\t\t\t\t\t\t\t<div class=\"elementor-container elementor-column-gap-no\">\n\t\t\t\t\t<div class=\"elementor-column elementor-col-100 elementor-top-column elementor-element elementor-element-60d4970\" data-id=\"60d4970\" data-element_type=\"column\" data-e-type=\"column\">\n\t\t\t<div class=\"elementor-widget-wrap elementor-element-populated\">\n\t\t\t\t\t\t<div class=\"elementor-element elementor-element-b337b87 elementor-widget elementor-widget-heading\" data-id=\"b337b87\" data-element_type=\"widget\" data-e-type=\"widget\" data-widget_type=\"heading.default\">\n\t\t\t\t<div class=\"elementor-widget-container\">\n\t\t\t\t\t<h3 class=\"elementor-heading-title elementor-size-default\">Pay us a visit<\/h3>\t\t\t\t<\/div>\n\t\t\t\t<\/div>\n\t\t\t\t<div class=\"elementor-element elementor-element-47de092 elementor-mobile-align-center elementor-align-center elementor-widget elementor-widget-button\" data-id=\"47de092\" data-element_type=\"widget\" data-e-type=\"widget\" data-widget_type=\"button.default\">\n\t\t\t\t<div class=\"elementor-widget-container\">\n\t\t\t\t\t\t\t\t\t<div class=\"elementor-button-wrapper\">\n\t\t\t\t\t<a class=\"elementor-button elementor-button-link elementor-size-sm\" href=\"https:\/\/www.google.com\/maps\/place\/46%C2%B011&#039;05.7%22N+21%C2%B007&#039;37.9%22E\/@46.184918,21.125005,17z\/data=!3m1!4b1!4m2!3m1!1s0x0:0x2488bfbfbe7115b4\">\n\t\t\t\t\t\t<span class=\"elementor-button-content-wrapper\">\n\t\t\t\t\t\t<span class=\"elementor-button-icon\">\n\t\t\t\t<i aria-hidden=\"true\" class=\"fas fa-map-marked-alt\"><\/i>\t\t\t<\/span>\n\t\t\t\t\t\t\t\t\t<span class=\"elementor-button-text\">See location<\/span>\n\t\t\t\t\t<\/span>\n\t\t\t\t\t<\/a>\n\t\t\t\t<\/div>\n\t\t\t\t\t\t\t\t<\/div>\n\t\t\t\t<\/div>\n\t\t\t\t\t<\/div>\n\t\t<\/div>\n\t\t\t\t\t<\/div>\n\t\t<\/section>\n\t\t\t\t<\/div>","protected":false},"excerpt":{"rendered":"<p>Sp\u0103l\u0103torie haine Spalatorie haine automata &#8211; REVOLUTION LAUNDRY \u2013 o sta\u021bie automat\u0103 de sp\u0103lare, ce integreaz\u0103 ma\u0219ini profesionale de sp\u0103lat \u0219i uscat, de \u00eenalt\u0103 capacitate, care includ detergentul \u0219i balsamul necesare \u0219i posibilitatea de plat\u0103 cash sau cu card bancar. Cu peste 5.000 de Sta\u021bii Automate de Spalare instalate, Revolution Laundry este cel mai mare [&hellip;]<\/p>\n","protected":false},"author":1,"featured_media":0,"parent":0,"menu_order":0,"comment_status":"closed","ping_status":"closed","template":"","meta":{"site-sidebar-layout":"no-sidebar","site-content-layout":"page-builder","ast-site-content-layout":"","site-content-style":"default","site-sidebar-style":"default","ast-global-header-display":"","ast-banner-title-visibility":"","ast-main-header-display":"","ast-hfb-above-header-display":"","ast-hfb-below-header-display":"","ast-hfb-mobile-header-display":"","site-post-title":"disabled","ast-breadcrumbs-content":"","ast-featured-img":"disabled","footer-sml-layout":"","theme-transparent-header-meta":"","adv-header-id-meta":"","stick-header-meta":"","header-above-stick-meta":"","header-main-stick-meta":"","header-below-stick-meta":"","astra-migrate-meta-layouts":"default","ast-page-background-enabled":"default","ast-page-background-meta":{"desktop":{"background-color":"","background-image":"","background-repeat":"repeat","background-position":"center center","background-size":"auto","background-attachment":"scroll","background-type":"","background-media":"","overlay-type":"","overlay-color":"","overlay-opacity":"","overlay-gradient":""},"tablet":{"background-color":"","background-image":"","background-repeat":"repeat","background-position":"center center","background-size":"auto","background-attachment":"scroll","background-type":"","background-media":"","overlay-type":"","overlay-color":"","overlay-opacity":"","overlay-gradient":""},"mobile":{"background-color":"","background-image":"","background-repeat":"repeat","background-position":"center center","background-size":"auto","background-attachment":"scroll","background-type":"","background-media":"","overlay-type":"","overlay-color":"","overlay-opacity":"","overlay-gradient":""}},"ast-content-background-meta":{"desktop":{"background-color":"var(--ast-global-color-5)","background-image":"","background-repeat":"repeat","background-position":"center center","background-size":"auto","background-attachment":"scroll","background-type":"","background-media":"","overlay-type":"","overlay-color":"","overlay-opacity":"","overlay-gradient":""},"tablet":{"background-color":"var(--ast-global-color-5)","background-image":"","background-repeat":"repeat","background-position":"center center","background-size":"auto","background-attachment":"scroll","background-type":"","background-media":"","overlay-type":"","overlay-color":"","overlay-opacity":"","overlay-gradient":""},"mobile":{"background-color":"var(--ast-global-color-5)","background-image":"","background-repeat":"repeat","background-position":"center center","background-size":"auto","background-attachment":"scroll","background-type":"","background-media":"","overlay-type":"","overlay-color":"","overlay-opacity":"","overlay-gradient":""}},"footnotes":""},"class_list":["post-16","page","type-page","status-publish","hentry"],"yoast_head":"<!-- This site is optimized with the Yoast SEO plugin v27.4 - https:\/\/yoast.com\/product\/yoast-seo-wordpress\/ -->\n<title>Spalatorie haine automata - KMC Auto Park - Pecica<\/title>\n<meta name=\"description\" content=\"Spalatorie haine automata, Autoparc tiruri, spalatorie automata, parcare camioane, spalatorie automata autoturisme.\" \/>\n<meta name=\"robots\" content=\"index, follow, max-snippet:-1, max-image-preview:large, max-video-preview:-1\" \/>\n<link rel=\"canonical\" href=\"https:\/\/kmcautopark.ro\/en\/spalatorie-haine-automata\/\" \/>\n<meta property=\"og:locale\" content=\"en_US\" \/>\n<meta property=\"og:type\" content=\"article\" \/>\n<meta property=\"og:title\" content=\"Spalatorie haine automata - KMC Auto Park - Pecica\" \/>\n<meta property=\"og:description\" content=\"Spalatorie haine automata, Autoparc tiruri, spalatorie automata, parcare camioane, spalatorie automata autoturisme.\" \/>\n<meta property=\"og:url\" content=\"https:\/\/kmcautopark.ro\/en\/spalatorie-haine-automata\/\" \/>\n<meta property=\"og:site_name\" content=\"KMC Auto Park - Pecica\" \/>\n<meta property=\"article:modified_time\" content=\"2022-08-19T13:20:11+00:00\" \/>\n<meta property=\"og:image\" content=\"https:\/\/kmcautopark.ro\/wp-content\/uploads\/2022\/07\/spalatorie-rufe-1.jpg\" \/>\n<meta name=\"twitter:card\" content=\"summary_large_image\" \/>\n<meta name=\"twitter:label1\" content=\"Est. reading time\" \/>\n\t<meta name=\"twitter:data1\" content=\"1 minute\" \/>\n<script type=\"application\/ld+json\" class=\"yoast-schema-graph\">{\"@context\":\"https:\\\/\\\/schema.org\",\"@graph\":[{\"@type\":\"WebPage\",\"@id\":\"https:\\\/\\\/kmcautopark.ro\\\/spalatorie-haine-automata\\\/\",\"url\":\"https:\\\/\\\/kmcautopark.ro\\\/spalatorie-haine-automata\\\/\",\"name\":\"Spalatorie haine automata - KMC Auto Park - Pecica\",\"isPartOf\":{\"@id\":\"https:\\\/\\\/kmcautopark.ro\\\/#website\"},\"primaryImageOfPage\":{\"@id\":\"https:\\\/\\\/kmcautopark.ro\\\/spalatorie-haine-automata\\\/#primaryimage\"},\"image\":{\"@id\":\"https:\\\/\\\/kmcautopark.ro\\\/spalatorie-haine-automata\\\/#primaryimage\"},\"thumbnailUrl\":\"https:\\\/\\\/kmcautopark.ro\\\/wp-content\\\/uploads\\\/2022\\\/07\\\/spalatorie-rufe-1.jpg\",\"datePublished\":\"2022-07-11T10:04:15+00:00\",\"dateModified\":\"2022-08-19T13:20:11+00:00\",\"description\":\"Spalatorie haine automata, Autoparc tiruri, spalatorie automata, parcare camioane, spalatorie automata autoturisme.\",\"breadcrumb\":{\"@id\":\"https:\\\/\\\/kmcautopark.ro\\\/spalatorie-haine-automata\\\/#breadcrumb\"},\"inLanguage\":\"en-US\",\"potentialAction\":[{\"@type\":\"ReadAction\",\"target\":[\"https:\\\/\\\/kmcautopark.ro\\\/spalatorie-haine-automata\\\/\"]}]},{\"@type\":\"ImageObject\",\"inLanguage\":\"en-US\",\"@id\":\"https:\\\/\\\/kmcautopark.ro\\\/spalatorie-haine-automata\\\/#primaryimage\",\"url\":\"https:\\\/\\\/kmcautopark.ro\\\/wp-content\\\/uploads\\\/2022\\\/07\\\/spalatorie-rufe-1.jpg\",\"contentUrl\":\"https:\\\/\\\/kmcautopark.ro\\\/wp-content\\\/uploads\\\/2022\\\/07\\\/spalatorie-rufe-1.jpg\"},{\"@type\":\"BreadcrumbList\",\"@id\":\"https:\\\/\\\/kmcautopark.ro\\\/spalatorie-haine-automata\\\/#breadcrumb\",\"itemListElement\":[{\"@type\":\"ListItem\",\"position\":1,\"name\":\"Home\",\"item\":\"https:\\\/\\\/kmcautopark.ro\\\/\"},{\"@type\":\"ListItem\",\"position\":2,\"name\":\"Spalatorie haine automata\"}]},{\"@type\":\"WebSite\",\"@id\":\"https:\\\/\\\/kmcautopark.ro\\\/#website\",\"url\":\"https:\\\/\\\/kmcautopark.ro\\\/\",\"name\":\"KMC Auto Park - Pecica\",\"description\":\"Auto park, truck wash\",\"publisher\":{\"@id\":\"https:\\\/\\\/kmcautopark.ro\\\/#organization\"},\"alternateName\":\"Platforma servicii autocamioane\",\"potentialAction\":[{\"@type\":\"SearchAction\",\"target\":{\"@type\":\"EntryPoint\",\"urlTemplate\":\"https:\\\/\\\/kmcautopark.ro\\\/?s={search_term_string}\"},\"query-input\":{\"@type\":\"PropertyValueSpecification\",\"valueRequired\":true,\"valueName\":\"search_term_string\"}}],\"inLanguage\":\"en-US\"},{\"@type\":\"Organization\",\"@id\":\"https:\\\/\\\/kmcautopark.ro\\\/#organization\",\"name\":\"KMC Auto Park - Pecica\",\"url\":\"https:\\\/\\\/kmcautopark.ro\\\/\",\"logo\":{\"@type\":\"ImageObject\",\"inLanguage\":\"en-US\",\"@id\":\"https:\\\/\\\/kmcautopark.ro\\\/#\\\/schema\\\/logo\\\/image\\\/\",\"url\":\"https:\\\/\\\/kmcautopark.ro\\\/wp-content\\\/uploads\\\/2022\\\/07\\\/logo-kmc.png\",\"contentUrl\":\"https:\\\/\\\/kmcautopark.ro\\\/wp-content\\\/uploads\\\/2022\\\/07\\\/logo-kmc.png\",\"width\":1200,\"height\":514,\"caption\":\"KMC Auto Park - Pecica\"},\"image\":{\"@id\":\"https:\\\/\\\/kmcautopark.ro\\\/#\\\/schema\\\/logo\\\/image\\\/\"}}]}<\/script>\n<!-- \/ Yoast SEO plugin. -->","yoast_head_json":{"title":"Spalatorie haine automata - KMC Auto Park - Pecica","description":"Spalatorie haine automata, Autoparc tiruri, spalatorie automata, parcare camioane, spalatorie automata autoturisme.","robots":{"index":"index","follow":"follow","max-snippet":"max-snippet:-1","max-image-preview":"max-image-preview:large","max-video-preview":"max-video-preview:-1"},"canonical":"https:\/\/kmcautopark.ro\/en\/spalatorie-haine-automata\/","og_locale":"en_US","og_type":"article","og_title":"Spalatorie haine automata - KMC Auto Park - Pecica","og_description":"Spalatorie haine automata, Autoparc tiruri, spalatorie automata, parcare camioane, spalatorie automata autoturisme.","og_url":"https:\/\/kmcautopark.ro\/en\/spalatorie-haine-automata\/","og_site_name":"KMC Auto Park - Pecica","article_modified_time":"2022-08-19T13:20:11+00:00","og_image":[{"url":"https:\/\/kmcautopark.ro\/wp-content\/uploads\/2022\/07\/spalatorie-rufe-1.jpg","type":"","width":"","height":""}],"twitter_card":"summary_large_image","twitter_misc":{"Est. reading time":"1 minute"},"schema":{"@context":"https:\/\/schema.org","@graph":[{"@type":"WebPage","@id":"https:\/\/kmcautopark.ro\/spalatorie-haine-automata\/","url":"https:\/\/kmcautopark.ro\/spalatorie-haine-automata\/","name":"Spalatorie haine automata - KMC Auto Park - Pecica","isPartOf":{"@id":"https:\/\/kmcautopark.ro\/#website"},"primaryImageOfPage":{"@id":"https:\/\/kmcautopark.ro\/spalatorie-haine-automata\/#primaryimage"},"image":{"@id":"https:\/\/kmcautopark.ro\/spalatorie-haine-automata\/#primaryimage"},"thumbnailUrl":"https:\/\/kmcautopark.ro\/wp-content\/uploads\/2022\/07\/spalatorie-rufe-1.jpg","datePublished":"2022-07-11T10:04:15+00:00","dateModified":"2022-08-19T13:20:11+00:00","description":"Spalatorie haine automata, Autoparc tiruri, spalatorie automata, parcare camioane, spalatorie automata autoturisme.","breadcrumb":{"@id":"https:\/\/kmcautopark.ro\/spalatorie-haine-automata\/#breadcrumb"},"inLanguage":"en-US","potentialAction":[{"@type":"ReadAction","target":["https:\/\/kmcautopark.ro\/spalatorie-haine-automata\/"]}]},{"@type":"ImageObject","inLanguage":"en-US","@id":"https:\/\/kmcautopark.ro\/spalatorie-haine-automata\/#primaryimage","url":"https:\/\/kmcautopark.ro\/wp-content\/uploads\/2022\/07\/spalatorie-rufe-1.jpg","contentUrl":"https:\/\/kmcautopark.ro\/wp-content\/uploads\/2022\/07\/spalatorie-rufe-1.jpg"},{"@type":"BreadcrumbList","@id":"https:\/\/kmcautopark.ro\/spalatorie-haine-automata\/#breadcrumb","itemListElement":[{"@type":"ListItem","position":1,"name":"Home","item":"https:\/\/kmcautopark.ro\/"},{"@type":"ListItem","position":2,"name":"Spalatorie haine automata"}]},{"@type":"WebSite","@id":"https:\/\/kmcautopark.ro\/#website","url":"https:\/\/kmcautopark.ro\/","name":"KMC Auto Park - Pecica","description":"Car park, truck wash","publisher":{"@id":"https:\/\/kmcautopark.ro\/#organization"},"alternateName":"Platforma servicii autocamioane","potentialAction":[{"@type":"SearchAction","target":{"@type":"EntryPoint","urlTemplate":"https:\/\/kmcautopark.ro\/?s={search_term_string}"},"query-input":{"@type":"PropertyValueSpecification","valueRequired":true,"valueName":"search_term_string"}}],"inLanguage":"en-US"},{"@type":"Organization","@id":"https:\/\/kmcautopark.ro\/#organization","name":"KMC Auto Park - Pecica","url":"https:\/\/kmcautopark.ro\/","logo":{"@type":"ImageObject","inLanguage":"en-US","@id":"https:\/\/kmcautopark.ro\/#\/schema\/logo\/image\/","url":"https:\/\/kmcautopark.ro\/wp-content\/uploads\/2022\/07\/logo-kmc.png","contentUrl":"https:\/\/kmcautopark.ro\/wp-content\/uploads\/2022\/07\/logo-kmc.png","width":1200,"height":514,"caption":"KMC Auto Park - Pecica"},"image":{"@id":"https:\/\/kmcautopark.ro\/#\/schema\/logo\/image\/"}}]}},"_links":{"self":[{"href":"https:\/\/kmcautopark.ro\/en\/wp-json\/wp\/v2\/pages\/16","targetHints":{"allow":["GET"]}}],"collection":[{"href":"https:\/\/kmcautopark.ro\/en\/wp-json\/wp\/v2\/pages"}],"about":[{"href":"https:\/\/kmcautopark.ro\/en\/wp-json\/wp\/v2\/types\/page"}],"author":[{"embeddable":true,"href":"https:\/\/kmcautopark.ro\/en\/wp-json\/wp\/v2\/users\/1"}],"replies":[{"embeddable":true,"href":"https:\/\/kmcautopark.ro\/en\/wp-json\/wp\/v2\/comments?post=16"}],"version-history":[{"count":16,"href":"https:\/\/kmcautopark.ro\/en\/wp-json\/wp\/v2\/pages\/16\/revisions"}],"predecessor-version":[{"id":1179,"href":"https:\/\/kmcautopark.ro\/en\/wp-json\/wp\/v2\/pages\/16\/revisions\/1179"}],"wp:attachment":[{"href":"https:\/\/kmcautopark.ro\/en\/wp-json\/wp\/v2\/media?parent=16"}],"curies":[{"name":"wp","href":"https:\/\/api.w.org\/{rel}","templated":true}]}}