{"id":1097,"date":"2022-07-27T13:42:37","date_gmt":"2022-07-27T13:42:37","guid":{"rendered":"https:\/\/kmcautopark.ro\/?page_id=1097"},"modified":"2022-08-19T12:09:41","modified_gmt":"2022-08-19T12:09:41","slug":"parcare-camioane","status":"publish","type":"page","link":"https:\/\/kmcautopark.ro\/en\/parcare-camioane\/","title":{"rendered":"Truck parking"},"content":{"rendered":"<div data-elementor-type=\"wp-page\" data-elementor-id=\"1097\" class=\"elementor elementor-1097\">\n\t\t\t\t\t\t<section class=\"elementor-section elementor-top-section elementor-element elementor-element-53c8a34 elementor-section-boxed elementor-section-height-default elementor-section-height-default\" data-id=\"53c8a34\" data-element_type=\"section\" data-e-type=\"section\">\n\t\t\t\t\t\t<div class=\"elementor-container elementor-column-gap-default\">\n\t\t\t\t\t<div class=\"elementor-column elementor-col-100 elementor-top-column elementor-element elementor-element-37059a3\" data-id=\"37059a3\" data-element_type=\"column\" data-e-type=\"column\">\n\t\t\t<div class=\"elementor-widget-wrap elementor-element-populated\">\n\t\t\t\t\t\t<div class=\"elementor-element elementor-element-ab9c637 elementor-widget elementor-widget-image\" data-id=\"ab9c637\" data-element_type=\"widget\" data-e-type=\"widget\" data-widget_type=\"image.default\">\n\t\t\t\t<div class=\"elementor-widget-container\">\n\t\t\t\t\t\t\t\t\t\t\t\t\t\t\t<img fetchpriority=\"high\" decoding=\"async\" width=\"960\" height=\"418\" src=\"https:\/\/kmcautopark.ro\/wp-content\/uploads\/2022\/07\/parcare-kmc.jpg\" class=\"attachment-large size-large wp-image-1099\" alt=\"Pacare camioane - spalatorie automata tiruri\" srcset=\"https:\/\/kmcautopark.ro\/wp-content\/uploads\/2022\/07\/parcare-kmc.jpg 960w, https:\/\/kmcautopark.ro\/wp-content\/uploads\/2022\/07\/parcare-kmc-300x131.jpg 300w, https:\/\/kmcautopark.ro\/wp-content\/uploads\/2022\/07\/parcare-kmc-768x334.jpg 768w, https:\/\/kmcautopark.ro\/wp-content\/uploads\/2022\/07\/parcare-kmc-18x8.jpg 18w\" sizes=\"(max-width: 960px) 100vw, 960px\" \/>\t\t\t\t\t\t\t\t\t\t\t\t\t\t\t<\/div>\n\t\t\t\t<\/div>\n\t\t\t\t\t<\/div>\n\t\t<\/div>\n\t\t\t\t\t<\/div>\n\t\t<\/section>\n\t\t\t\t<section class=\"elementor-section elementor-top-section elementor-element elementor-element-4ac3f9f elementor-section-boxed elementor-section-height-default elementor-section-height-default\" data-id=\"4ac3f9f\" data-element_type=\"section\" data-e-type=\"section\">\n\t\t\t\t\t\t<div class=\"elementor-container elementor-column-gap-default\">\n\t\t\t\t\t<div class=\"elementor-column elementor-col-100 elementor-top-column elementor-element elementor-element-3aa96cd\" data-id=\"3aa96cd\" data-element_type=\"column\" data-e-type=\"column\">\n\t\t\t<div class=\"elementor-widget-wrap elementor-element-populated\">\n\t\t\t\t\t\t<section class=\"elementor-section elementor-inner-section elementor-element elementor-element-6384a65 elementor-section-boxed elementor-section-height-default elementor-section-height-default\" data-id=\"6384a65\" data-element_type=\"section\" data-e-type=\"section\">\n\t\t\t\t\t\t<div class=\"elementor-container elementor-column-gap-default\">\n\t\t\t\t\t<div class=\"elementor-column elementor-col-50 elementor-inner-column elementor-element elementor-element-e28d7a7\" data-id=\"e28d7a7\" data-element_type=\"column\" data-e-type=\"column\">\n\t\t\t<div class=\"elementor-widget-wrap elementor-element-populated\">\n\t\t\t\t\t\t<div class=\"elementor-element elementor-element-7c10c09 elementor-widget elementor-widget-heading\" data-id=\"7c10c09\" data-element_type=\"widget\" data-e-type=\"widget\" data-widget_type=\"heading.default\">\n\t\t\t\t<div class=\"elementor-widget-container\">\n\t\t\t\t\t<h2 class=\"elementor-heading-title elementor-size-default\">Truck parking<br>-KMC Autopark-<\/h2>\t\t\t\t<\/div>\n\t\t\t\t<\/div>\n\t\t\t\t<div class=\"elementor-element elementor-element-a2dfa44 elementor-widget elementor-widget-text-editor\" data-id=\"a2dfa44\" data-element_type=\"widget\" data-e-type=\"widget\" data-widget_type=\"text-editor.default\">\n\t\t\t\t<div class=\"elementor-widget-container\">\n\t\t\t\t\t\t\t\t\t<p>The KMC concrete platform offers access and parking for road vehicles, with a large capacity and the possibility to park semi-trailers and trucks. Soon we will offer other facilities to our clients.<\/p>\t\t\t\t\t\t\t\t<\/div>\n\t\t\t\t<\/div>\n\t\t\t\t\t<\/div>\n\t\t<\/div>\n\t\t\t\t<div class=\"elementor-column elementor-col-50 elementor-inner-column elementor-element elementor-element-1710f4e\" data-id=\"1710f4e\" data-element_type=\"column\" data-e-type=\"column\">\n\t\t\t<div class=\"elementor-widget-wrap elementor-element-populated\">\n\t\t\t\t\t\t<div class=\"elementor-element elementor-element-a80b3aa elementor-widget elementor-widget-text-editor\" data-id=\"a80b3aa\" data-element_type=\"widget\" data-e-type=\"widget\" data-widget_type=\"text-editor.default\">\n\t\t\t\t<div class=\"elementor-widget-container\">\n\t\t\t\t\t\t\t\t\t<p>During parking, drivers have numerous advantages:<\/p><ul><li>Sanitary group, wi-fi network<\/li><li>Truck wash<\/li><li>Laundry with clothes drying<\/li><\/ul><div>For availability and rates, please contact us <a href=\"https:\/\/kmcautopark.ro\/en\/contact\/\">contact.<\/a><\/div>\t\t\t\t\t\t\t\t<\/div>\n\t\t\t\t<\/div>\n\t\t\t\t\t<\/div>\n\t\t<\/div>\n\t\t\t\t\t<\/div>\n\t\t<\/section>\n\t\t\t\t\t<\/div>\n\t\t<\/div>\n\t\t\t\t\t<\/div>\n\t\t<\/section>\n\t\t\t\t<section class=\"elementor-section elementor-top-section elementor-element elementor-element-d5e3f80 elementor-section-boxed elementor-section-height-default elementor-section-height-default\" data-id=\"d5e3f80\" data-element_type=\"section\" data-e-type=\"section\">\n\t\t\t\t\t\t<div class=\"elementor-container elementor-column-gap-default\">\n\t\t\t\t\t<div class=\"elementor-column elementor-col-100 elementor-top-column elementor-element elementor-element-2be2354\" data-id=\"2be2354\" data-element_type=\"column\" data-e-type=\"column\">\n\t\t\t<div class=\"elementor-widget-wrap elementor-element-populated\">\n\t\t\t\t\t\t<div class=\"elementor-element elementor-element-b0e1186 elementor-widget elementor-widget-heading\" data-id=\"b0e1186\" data-element_type=\"widget\" data-e-type=\"widget\" data-widget_type=\"heading.default\">\n\t\t\t\t<div class=\"elementor-widget-container\">\n\t\t\t\t\t<h2 class=\"elementor-heading-title elementor-size-default\">Services under implementation<\/h2>\t\t\t\t<\/div>\n\t\t\t\t<\/div>\n\t\t\t\t<div class=\"elementor-element elementor-element-69c9fd4 elementor-widget elementor-widget-text-editor\" data-id=\"69c9fd4\" data-element_type=\"widget\" data-e-type=\"widget\" data-widget_type=\"text-editor.default\">\n\t\t\t\t<div class=\"elementor-widget-container\">\n\t\t\t\t\t\t\t\t\t<ul><li>Shop coffee and snacks<\/li><li>Restaurant<\/li><li>Grocery store<\/li><li>Electricity source available<\/li><li>Video surveillance and human guard<\/li><li>Service cars and trucks<\/li><li>ITP station<\/li><\/ul><p>\u00a0<\/p>\t\t\t\t\t\t\t\t<\/div>\n\t\t\t\t<\/div>\n\t\t\t\t\t<\/div>\n\t\t<\/div>\n\t\t\t\t\t<\/div>\n\t\t<\/section>\n\t\t\t\t<\/div>","protected":false},"excerpt":{"rendered":"<p>Parcare camioane-KMC Autopark- Platforma betonat\u0103 KMC ofera accesul \u0219i parcarea mijloacelor de transport rutier, cu o capacitate vast\u0103 si posibilitatea de a parca semiremorci \u0219i camioane. In curand vom oferi si alte facilitati clinetilor nostrii. Pe durata sta\u021bion\u0103rii, \u0219oferii au numeroase avantaje: Grup sanitar, re\u021bea wi-fi Sp\u0103l\u0103torie de autocamioane Sp\u0103l\u0103torie cu uscare haine Pentru disponibilitate [&hellip;]<\/p>\n","protected":false},"author":1,"featured_media":0,"parent":0,"menu_order":0,"comment_status":"closed","ping_status":"closed","template":"","meta":{"site-sidebar-layout":"no-sidebar","site-content-layout":"page-builder","ast-site-content-layout":"","site-content-style":"default","site-sidebar-style":"default","ast-global-header-display":"","ast-banner-title-visibility":"","ast-main-header-display":"","ast-hfb-above-header-display":"","ast-hfb-below-header-display":"","ast-hfb-mobile-header-display":"","site-post-title":"disabled","ast-breadcrumbs-content":"","ast-featured-img":"disabled","footer-sml-layout":"","theme-transparent-header-meta":"","adv-header-id-meta":"","stick-header-meta":"","header-above-stick-meta":"","header-main-stick-meta":"","header-below-stick-meta":"","astra-migrate-meta-layouts":"default","ast-page-background-enabled":"default","ast-page-background-meta":{"desktop":{"background-color":"","background-image":"","background-repeat":"repeat","background-position":"center center","background-size":"auto","background-attachment":"scroll","background-type":"","background-media":"","overlay-type":"","overlay-color":"","overlay-opacity":"","overlay-gradient":""},"tablet":{"background-color":"","background-image":"","background-repeat":"repeat","background-position":"center center","background-size":"auto","background-attachment":"scroll","background-type":"","background-media":"","overlay-type":"","overlay-color":"","overlay-opacity":"","overlay-gradient":""},"mobile":{"background-color":"","background-image":"","background-repeat":"repeat","background-position":"center center","background-size":"auto","background-attachment":"scroll","background-type":"","background-media":"","overlay-type":"","overlay-color":"","overlay-opacity":"","overlay-gradient":""}},"ast-content-background-meta":{"desktop":{"background-color":"var(--ast-global-color-5)","background-image":"","background-repeat":"repeat","background-position":"center center","background-size":"auto","background-attachment":"scroll","background-type":"","background-media":"","overlay-type":"","overlay-color":"","overlay-opacity":"","overlay-gradient":""},"tablet":{"background-color":"var(--ast-global-color-5)","background-image":"","background-repeat":"repeat","background-position":"center center","background-size":"auto","background-attachment":"scroll","background-type":"","background-media":"","overlay-type":"","overlay-color":"","overlay-opacity":"","overlay-gradient":""},"mobile":{"background-color":"var(--ast-global-color-5)","background-image":"","background-repeat":"repeat","background-position":"center center","background-size":"auto","background-attachment":"scroll","background-type":"","background-media":"","overlay-type":"","overlay-color":"","overlay-opacity":"","overlay-gradient":""}},"footnotes":""},"class_list":["post-1097","page","type-page","status-publish","hentry"],"yoast_head":"<!-- This site is optimized with the Yoast SEO plugin v27.4 - https:\/\/yoast.com\/product\/yoast-seo-wordpress\/ -->\n<title>Parcare camioane - KMC Auto Park - Pecica<\/title>\n<meta name=\"description\" content=\"Parcare camioane, Autoparc tiruri, spalatorie automata tiruri, spalatorie automata autoturisme, spalatatorie si uscatorie haine.\" \/>\n<meta name=\"robots\" content=\"index, follow, max-snippet:-1, max-image-preview:large, max-video-preview:-1\" \/>\n<link rel=\"canonical\" href=\"https:\/\/kmcautopark.ro\/en\/parcare-camioane\/\" \/>\n<meta property=\"og:locale\" content=\"en_US\" \/>\n<meta property=\"og:type\" content=\"article\" \/>\n<meta property=\"og:title\" content=\"Parcare camioane - KMC Auto Park - Pecica\" \/>\n<meta property=\"og:description\" content=\"Parcare camioane, Autoparc tiruri, spalatorie automata tiruri, spalatorie automata autoturisme, spalatatorie si uscatorie haine.\" \/>\n<meta property=\"og:url\" content=\"https:\/\/kmcautopark.ro\/en\/parcare-camioane\/\" \/>\n<meta property=\"og:site_name\" content=\"KMC Auto Park - Pecica\" \/>\n<meta property=\"article:modified_time\" content=\"2022-08-19T12:09:41+00:00\" \/>\n<meta property=\"og:image\" content=\"https:\/\/kmcautopark.ro\/wp-content\/uploads\/2022\/07\/parcare-kmc.jpg\" \/>\n<meta name=\"twitter:card\" content=\"summary_large_image\" \/>\n<meta name=\"twitter:label1\" content=\"Est. reading time\" \/>\n\t<meta name=\"twitter:data1\" content=\"1 minute\" \/>\n<script type=\"application\/ld+json\" class=\"yoast-schema-graph\">{\"@context\":\"https:\\\/\\\/schema.org\",\"@graph\":[{\"@type\":\"WebPage\",\"@id\":\"https:\\\/\\\/kmcautopark.ro\\\/parcare-camioane\\\/\",\"url\":\"https:\\\/\\\/kmcautopark.ro\\\/parcare-camioane\\\/\",\"name\":\"Parcare camioane - KMC Auto Park - Pecica\",\"isPartOf\":{\"@id\":\"https:\\\/\\\/kmcautopark.ro\\\/#website\"},\"primaryImageOfPage\":{\"@id\":\"https:\\\/\\\/kmcautopark.ro\\\/parcare-camioane\\\/#primaryimage\"},\"image\":{\"@id\":\"https:\\\/\\\/kmcautopark.ro\\\/parcare-camioane\\\/#primaryimage\"},\"thumbnailUrl\":\"https:\\\/\\\/kmcautopark.ro\\\/wp-content\\\/uploads\\\/2022\\\/07\\\/parcare-kmc.jpg\",\"datePublished\":\"2022-07-27T13:42:37+00:00\",\"dateModified\":\"2022-08-19T12:09:41+00:00\",\"description\":\"Parcare camioane, Autoparc tiruri, spalatorie automata tiruri, spalatorie automata autoturisme, spalatatorie si uscatorie haine.\",\"breadcrumb\":{\"@id\":\"https:\\\/\\\/kmcautopark.ro\\\/parcare-camioane\\\/#breadcrumb\"},\"inLanguage\":\"en-US\",\"potentialAction\":[{\"@type\":\"ReadAction\",\"target\":[\"https:\\\/\\\/kmcautopark.ro\\\/parcare-camioane\\\/\"]}]},{\"@type\":\"ImageObject\",\"inLanguage\":\"en-US\",\"@id\":\"https:\\\/\\\/kmcautopark.ro\\\/parcare-camioane\\\/#primaryimage\",\"url\":\"https:\\\/\\\/kmcautopark.ro\\\/wp-content\\\/uploads\\\/2022\\\/07\\\/parcare-kmc.jpg\",\"contentUrl\":\"https:\\\/\\\/kmcautopark.ro\\\/wp-content\\\/uploads\\\/2022\\\/07\\\/parcare-kmc.jpg\"},{\"@type\":\"BreadcrumbList\",\"@id\":\"https:\\\/\\\/kmcautopark.ro\\\/parcare-camioane\\\/#breadcrumb\",\"itemListElement\":[{\"@type\":\"ListItem\",\"position\":1,\"name\":\"Home\",\"item\":\"https:\\\/\\\/kmcautopark.ro\\\/\"},{\"@type\":\"ListItem\",\"position\":2,\"name\":\"Parcare camioane\"}]},{\"@type\":\"WebSite\",\"@id\":\"https:\\\/\\\/kmcautopark.ro\\\/#website\",\"url\":\"https:\\\/\\\/kmcautopark.ro\\\/\",\"name\":\"KMC Auto Park - Pecica\",\"description\":\"Auto park, truck wash\",\"publisher\":{\"@id\":\"https:\\\/\\\/kmcautopark.ro\\\/#organization\"},\"alternateName\":\"Platforma servicii autocamioane\",\"potentialAction\":[{\"@type\":\"SearchAction\",\"target\":{\"@type\":\"EntryPoint\",\"urlTemplate\":\"https:\\\/\\\/kmcautopark.ro\\\/?s={search_term_string}\"},\"query-input\":{\"@type\":\"PropertyValueSpecification\",\"valueRequired\":true,\"valueName\":\"search_term_string\"}}],\"inLanguage\":\"en-US\"},{\"@type\":\"Organization\",\"@id\":\"https:\\\/\\\/kmcautopark.ro\\\/#organization\",\"name\":\"KMC Auto Park - Pecica\",\"url\":\"https:\\\/\\\/kmcautopark.ro\\\/\",\"logo\":{\"@type\":\"ImageObject\",\"inLanguage\":\"en-US\",\"@id\":\"https:\\\/\\\/kmcautopark.ro\\\/#\\\/schema\\\/logo\\\/image\\\/\",\"url\":\"https:\\\/\\\/kmcautopark.ro\\\/wp-content\\\/uploads\\\/2022\\\/07\\\/logo-kmc.png\",\"contentUrl\":\"https:\\\/\\\/kmcautopark.ro\\\/wp-content\\\/uploads\\\/2022\\\/07\\\/logo-kmc.png\",\"width\":1200,\"height\":514,\"caption\":\"KMC Auto Park - Pecica\"},\"image\":{\"@id\":\"https:\\\/\\\/kmcautopark.ro\\\/#\\\/schema\\\/logo\\\/image\\\/\"}}]}<\/script>\n<!-- \/ Yoast SEO plugin. -->","yoast_head_json":{"title":"Parcare camioane - KMC Auto Park - Pecica","description":"Parcare camioane, Autoparc tiruri, spalatorie automata tiruri, spalatorie automata autoturisme, spalatatorie si uscatorie haine.","robots":{"index":"index","follow":"follow","max-snippet":"max-snippet:-1","max-image-preview":"max-image-preview:large","max-video-preview":"max-video-preview:-1"},"canonical":"https:\/\/kmcautopark.ro\/en\/parcare-camioane\/","og_locale":"en_US","og_type":"article","og_title":"Parcare camioane - KMC Auto Park - Pecica","og_description":"Parcare camioane, Autoparc tiruri, spalatorie automata tiruri, spalatorie automata autoturisme, spalatatorie si uscatorie haine.","og_url":"https:\/\/kmcautopark.ro\/en\/parcare-camioane\/","og_site_name":"KMC Auto Park - Pecica","article_modified_time":"2022-08-19T12:09:41+00:00","og_image":[{"url":"https:\/\/kmcautopark.ro\/wp-content\/uploads\/2022\/07\/parcare-kmc.jpg","type":"","width":"","height":""}],"twitter_card":"summary_large_image","twitter_misc":{"Est. reading time":"1 minute"},"schema":{"@context":"https:\/\/schema.org","@graph":[{"@type":"WebPage","@id":"https:\/\/kmcautopark.ro\/parcare-camioane\/","url":"https:\/\/kmcautopark.ro\/parcare-camioane\/","name":"Parcare camioane - KMC Auto Park - Pecica","isPartOf":{"@id":"https:\/\/kmcautopark.ro\/#website"},"primaryImageOfPage":{"@id":"https:\/\/kmcautopark.ro\/parcare-camioane\/#primaryimage"},"image":{"@id":"https:\/\/kmcautopark.ro\/parcare-camioane\/#primaryimage"},"thumbnailUrl":"https:\/\/kmcautopark.ro\/wp-content\/uploads\/2022\/07\/parcare-kmc.jpg","datePublished":"2022-07-27T13:42:37+00:00","dateModified":"2022-08-19T12:09:41+00:00","description":"Parcare camioane, Autoparc tiruri, spalatorie automata tiruri, spalatorie automata autoturisme, spalatatorie si uscatorie haine.","breadcrumb":{"@id":"https:\/\/kmcautopark.ro\/parcare-camioane\/#breadcrumb"},"inLanguage":"en-US","potentialAction":[{"@type":"ReadAction","target":["https:\/\/kmcautopark.ro\/parcare-camioane\/"]}]},{"@type":"ImageObject","inLanguage":"en-US","@id":"https:\/\/kmcautopark.ro\/parcare-camioane\/#primaryimage","url":"https:\/\/kmcautopark.ro\/wp-content\/uploads\/2022\/07\/parcare-kmc.jpg","contentUrl":"https:\/\/kmcautopark.ro\/wp-content\/uploads\/2022\/07\/parcare-kmc.jpg"},{"@type":"BreadcrumbList","@id":"https:\/\/kmcautopark.ro\/parcare-camioane\/#breadcrumb","itemListElement":[{"@type":"ListItem","position":1,"name":"Home","item":"https:\/\/kmcautopark.ro\/"},{"@type":"ListItem","position":2,"name":"Parcare camioane"}]},{"@type":"WebSite","@id":"https:\/\/kmcautopark.ro\/#website","url":"https:\/\/kmcautopark.ro\/","name":"KMC Auto Park - Pecica","description":"Car park, truck wash","publisher":{"@id":"https:\/\/kmcautopark.ro\/#organization"},"alternateName":"Platforma servicii autocamioane","potentialAction":[{"@type":"SearchAction","target":{"@type":"EntryPoint","urlTemplate":"https:\/\/kmcautopark.ro\/?s={search_term_string}"},"query-input":{"@type":"PropertyValueSpecification","valueRequired":true,"valueName":"search_term_string"}}],"inLanguage":"en-US"},{"@type":"Organization","@id":"https:\/\/kmcautopark.ro\/#organization","name":"KMC Auto Park - Pecica","url":"https:\/\/kmcautopark.ro\/","logo":{"@type":"ImageObject","inLanguage":"en-US","@id":"https:\/\/kmcautopark.ro\/#\/schema\/logo\/image\/","url":"https:\/\/kmcautopark.ro\/wp-content\/uploads\/2022\/07\/logo-kmc.png","contentUrl":"https:\/\/kmcautopark.ro\/wp-content\/uploads\/2022\/07\/logo-kmc.png","width":1200,"height":514,"caption":"KMC Auto Park - Pecica"},"image":{"@id":"https:\/\/kmcautopark.ro\/#\/schema\/logo\/image\/"}}]}},"_links":{"self":[{"href":"https:\/\/kmcautopark.ro\/en\/wp-json\/wp\/v2\/pages\/1097","targetHints":{"allow":["GET"]}}],"collection":[{"href":"https:\/\/kmcautopark.ro\/en\/wp-json\/wp\/v2\/pages"}],"about":[{"href":"https:\/\/kmcautopark.ro\/en\/wp-json\/wp\/v2\/types\/page"}],"author":[{"embeddable":true,"href":"https:\/\/kmcautopark.ro\/en\/wp-json\/wp\/v2\/users\/1"}],"replies":[{"embeddable":true,"href":"https:\/\/kmcautopark.ro\/en\/wp-json\/wp\/v2\/comments?post=1097"}],"version-history":[{"count":17,"href":"https:\/\/kmcautopark.ro\/en\/wp-json\/wp\/v2\/pages\/1097\/revisions"}],"predecessor-version":[{"id":1170,"href":"https:\/\/kmcautopark.ro\/en\/wp-json\/wp\/v2\/pages\/1097\/revisions\/1170"}],"wp:attachment":[{"href":"https:\/\/kmcautopark.ro\/en\/wp-json\/wp\/v2\/media?parent=1097"}],"curies":[{"name":"wp","href":"https:\/\/api.w.org\/{rel}","templated":true}]}}